{"id":477,"date":"2018-01-08T16:41:17","date_gmt":"2018-01-08T16:41:17","guid":{"rendered":"http:\/\/qantumthemes.xyz\/fluid\/demo5\/?page_id=7"},"modified":"2026-02-08T18:48:14","modified_gmt":"2026-02-08T21:48:14","slug":"homepage","status":"publish","type":"page","link":"https:\/\/www.culturapesadamza.com\/","title":{"rendered":""},"content":{"rendered":"<section class=\"wpb-content-wrapper\"><p>[vc_row css=&#8221;.vc_custom_1752207214942{margin-top: 0px !important;margin-right: 0px !important;margin-bottom: 0px !important;margin-left: 0px !important;padding-top: 5% !important;padding-right: 0px !important;padding-bottom: 0px !important;padding-left: 0px !important;}&#8221; el_id=&#8221;intro&#8221;][vc_column][vc_video link=&#8221;https:\/\/youtu.be\/7CtoGKK1EwU?si=eyAxcLtQ_4smA8l_&#8221; title=&#8221;ESTRENO&#8221;]\t\t\t<hr class=\"qt-spacer-s\">\n\t\t\t\t\t<h3 class=\"qt-sectiontitle\">AGENDA<\/h3>\n\t\tDisculpa, no hay nada por el momento.\t\t[vc_column_text]<strong>E N T R E V I S T A S\u00a0 Y\u00a0 P O D C A S T<\/strong>[\/vc_column_text]\n\t\t<!-- POSTS CAROUSEL ================================================== -->\t\n\t\t<div class=\"qt-container qt-relative\">\n\t\t\t<div class=\"qt-slickslider-outercontainer qt-slickslider-outercontainer__default qt-relative\">\n\t\t\t\t<div class=\"row\">\n\t\t\t\t\t<div class=\"col s9 m8\">\n\t\t\t\t\t\t\t\t\t\t\t\t\t<h3 class=\"qt-sectiontitle \">P O D C A S T<\/h3>\n\t\t\t\t\t\t\t\t\t\t\t<\/div>\n\t\t\t\t\t\t\t\t\t<\/div>\n\t\t\t\t<div class=\"row\">\n\t\t\t\t\t<div class=\"qt-slickslider-container qt-slickslider-cards\">\n\t\t\t\t\t\t<div class=\"qt-slickslider qt-invisible qt-animated qt-slickslider-multiple\" data-slidestoshow=\"3\" data-slidestoscroll=\"1\" data-variablewidth=\"false\" data-arrows=\"false\" data-dots=\"true\" data-infinite=\"true\" data-centermode=\"false\" data-pauseonhover=\"true\" data-autoplay=\"false\" data-arrowsmobile=\"false\"  data-centermodemobile=\"false\" data-dotsmobile=\"false\"  data-slidestoshowmobile=\"1\" data-variablewidthmobile=\"true\" data-infinitemobile=\"false\" data-slidestoshowipad=\"3\">\n\t\t\t\t\t\t\t\t\t\t\t\t\t\t<div class=\"qt-item qt-item-card col s12 m4\">\n\t\t\t\t\t\t\t\t<article id=\"post-1406\" class=\"qt-part-archive-item qt-carditem qt-podcast qt-card qt-paper qt-interactivecard qt-scrollbarstyle post-1406 podcast type-podcast status-publish has-post-thumbnail hentry podcastfilter-entrevista podcastfilter-historia podcastfilter-podcast\">\n\t<div class=\"qt-iteminner\">\n\t\t<div class=\"qt-imagelink\" data-activatecard >\n\t\t\t<span class=\"qt-header-bg\" data-bgimage=\"https:\/\/www.culturapesadamza.com\/wp-content\/uploads\/2026\/02\/1000255897-670x670.jpg\" data-parallax=\"0\" data-attachment=\"local\">\n\t\t\t<\/span>\n\t\t<\/div>\n\t\t<header class=\"qt-header\">\n\t\t\t<div class=\"qt-headings\" >\n\t\t\t\t<h3 class=\"qt-title qt-ellipsis qt-t\" data-activatecard>MEMENTO MORI &#8211; EP2 &#8211; AVERNAL<\/h3>\n\t\t\t\t\t\t\t\t\t<span class=\"qt-details qt-item-metas\" data-activatecard>\n\t\t\t\t\t\t1 January, 1970\t\t\t\t\t<\/span>\n\t\t\t\t\t\t\t\t\t<span class=\"qt-capseparator\" data-activatecard><\/span>\n\t\t\t\t<div class=\"qt-embeddedplayer\"><audio class=\"wp-audio-shortcode\" id=\"audio-1406-1\" preload=\"none\" style=\"width: 100%;\" controls=\"controls\"><source type=\"audio\/mpeg\" src=\"https:\/\/www.culturapesadamza.com\/wp-content\/uploads\/2026\/02\/MENTO-MORI-AVERNAL.mp3?_=1\" \/><a href=\"https:\/\/www.culturapesadamza.com\/wp-content\/uploads\/2026\/02\/MENTO-MORI-AVERNAL.mp3\">https:\/\/www.culturapesadamza.com\/wp-content\/uploads\/2026\/02\/MENTO-MORI-AVERNAL.mp3<\/a><\/audio><\/div>\t\t\t\t<i class=\"material-icons qt-close\" data-activatecard>close<\/i>\n\t\t\t<\/div>\n\t\t\t<div class=\"qt-actionbtn fixed-action-btn horizontal click-to-toggle+\">\n\t\t\t\t<a href=\"https:\/\/www.culturapesadamza.com\/?podcast=memento-mori-ep2-avernal\" class=\"btn-floating btn-large qt-btn-primary\">\n\t\t\t\t\t<i class=\"material-icons\">add<\/i>\n\t\t\t\t<\/a>\n\t\t\t<\/div>\n\t\t\t<i class=\"material-icons qt-ho\" data-activatecard>keyboard_arrow_down<\/i>\n\t\t<\/header>\n\t\t<span class=\"qt-animation\" data-color=\"#a70a0a\" ><\/span>\n\t\t<div class=\"qt-content\">\n\t\t\t<div class=\"qt-summary\">\n\t\t\t\t\t\t\t\t\t\t\t\t<p>Por Martin Velasco EPISODIO 2 : AVERNAL<\/p>\n\t\t\t<\/div>\n\t\t<\/div>\n\t<\/div>\n<\/article>\t\t\t\t\t\t\t<\/div>\n\t\t\t\t\t\t\t\t\t\t\t\t\t\t<div class=\"qt-item qt-item-card col s12 m4\">\n\t\t\t\t\t\t\t\t<article id=\"post-1402\" class=\"qt-part-archive-item qt-carditem qt-podcast qt-card qt-paper qt-interactivecard qt-scrollbarstyle post-1402 podcast type-podcast status-publish has-post-thumbnail hentry podcastfilter-podcast\">\n\t<div class=\"qt-iteminner\">\n\t\t<div class=\"qt-imagelink\" data-activatecard >\n\t\t\t<span class=\"qt-header-bg\" data-bgimage=\"https:\/\/www.culturapesadamza.com\/wp-content\/uploads\/2026\/02\/1000253073-670x670.jpg\" data-parallax=\"0\" data-attachment=\"local\">\n\t\t\t<\/span>\n\t\t<\/div>\n\t\t<header class=\"qt-header\">\n\t\t\t<div class=\"qt-headings\" >\n\t\t\t\t<h3 class=\"qt-title qt-ellipsis qt-t\" data-activatecard>PROTESTA Y SOBREVIVI : LO MEJOR DE LO PEOR<\/h3>\n\t\t\t\t\t\t\t\t\t<span class=\"qt-details qt-item-metas\" data-activatecard>\n\t\t\t\t\t\t1 January, 1970\t\t\t\t\t<\/span>\n\t\t\t\t\t\t\t\t\t<span class=\"qt-capseparator\" data-activatecard><\/span>\n\t\t\t\t<div class=\"qt-embeddedplayer\"><audio class=\"wp-audio-shortcode\" id=\"audio-1402-2\" preload=\"none\" style=\"width: 100%;\" controls=\"controls\"><source type=\"audio\/mpeg\" src=\"https:\/\/www.culturapesadamza.com\/wp-content\/uploads\/2026\/02\/Programa-06-01.mp3?_=2\" \/><a href=\"https:\/\/www.culturapesadamza.com\/wp-content\/uploads\/2026\/02\/Programa-06-01.mp3\">https:\/\/www.culturapesadamza.com\/wp-content\/uploads\/2026\/02\/Programa-06-01.mp3<\/a><\/audio><\/div>\t\t\t\t<i class=\"material-icons qt-close\" data-activatecard>close<\/i>\n\t\t\t<\/div>\n\t\t\t<div class=\"qt-actionbtn fixed-action-btn horizontal click-to-toggle+\">\n\t\t\t\t<a href=\"https:\/\/www.culturapesadamza.com\/?podcast=protesta-y-sobrevivi-lo-mejor-de-lo-peor\" class=\"btn-floating btn-large qt-btn-primary\">\n\t\t\t\t\t<i class=\"material-icons\">add<\/i>\n\t\t\t\t<\/a>\n\t\t\t<\/div>\n\t\t\t<i class=\"material-icons qt-ho\" data-activatecard>keyboard_arrow_down<\/i>\n\t\t<\/header>\n\t\t<span class=\"qt-animation\" data-color=\"#a70a0a\" ><\/span>\n\t\t<div class=\"qt-content\">\n\t\t\t<div class=\"qt-summary\">\n\t\t\t\t\t\t\t\t\t\t\t\t<p>Por FEDERICO BIRKENFIELD Termino la epoca mas hipocrita del a\u00f1o donde todos se saludan y abrazan como si se tratara de We are the World, cuando en realidad todos se odian entre si, tal como Hetfield hab\u00eda vaticinado en el 81.- por suerte en el maremagnum de mierda en el [&hellip;]<\/p>\n\t\t\t<\/div>\n\t\t<\/div>\n\t<\/div>\n<\/article>\t\t\t\t\t\t\t<\/div>\n\t\t\t\t\t\t\t\t\t\t\t\t\t\t<div class=\"qt-item qt-item-card col s12 m4\">\n\t\t\t\t\t\t\t\t<article id=\"post-1345\" class=\"qt-part-archive-item qt-carditem qt-podcast qt-card qt-paper qt-interactivecard qt-scrollbarstyle post-1345 podcast type-podcast status-publish has-post-thumbnail hentry podcastfilter-podcast podcastfilter-protesta-y-sobrevivi\">\n\t<div class=\"qt-iteminner\">\n\t\t<div class=\"qt-imagelink\" data-activatecard >\n\t\t\t<span class=\"qt-header-bg\" data-bgimage=\"https:\/\/www.culturapesadamza.com\/wp-content\/uploads\/2025\/12\/1000204843-670x670.jpg\" data-parallax=\"0\" data-attachment=\"local\">\n\t\t\t<\/span>\n\t\t<\/div>\n\t\t<header class=\"qt-header\">\n\t\t\t<div class=\"qt-headings\" >\n\t\t\t\t<h3 class=\"qt-title qt-ellipsis qt-t\" data-activatecard>PROTESTA Y SOBREVIVI : DIFERENTES LADOS DE UNA MISMA HISTORIA<\/h3>\n\t\t\t\t\t\t\t\t\t<span class=\"qt-details qt-item-metas\" data-activatecard>\n\t\t\t\t\t\t1 January, 1970\t\t\t\t\t<\/span>\n\t\t\t\t\t\t\t\t\t<span class=\"qt-capseparator\" data-activatecard><\/span>\n\t\t\t\t<div class=\"qt-embeddedplayer\"><audio class=\"wp-audio-shortcode\" id=\"audio-1345-3\" preload=\"none\" style=\"width: 100%;\" controls=\"controls\"><source type=\"audio\/mpeg\" src=\"https:\/\/www.culturapesadamza.com\/wp-content\/uploads\/2025\/12\/Programa-03-12.mp3?_=3\" \/><a href=\"https:\/\/www.culturapesadamza.com\/wp-content\/uploads\/2025\/12\/Programa-03-12.mp3\">https:\/\/www.culturapesadamza.com\/wp-content\/uploads\/2025\/12\/Programa-03-12.mp3<\/a><\/audio><\/div>\t\t\t\t<i class=\"material-icons qt-close\" data-activatecard>close<\/i>\n\t\t\t<\/div>\n\t\t\t<div class=\"qt-actionbtn fixed-action-btn horizontal click-to-toggle+\">\n\t\t\t\t<a href=\"https:\/\/www.culturapesadamza.com\/?podcast=protesta-y-sobrevivi-diferentes-lados-de-una-misma-historia\" class=\"btn-floating btn-large qt-btn-primary\">\n\t\t\t\t\t<i class=\"material-icons\">add<\/i>\n\t\t\t\t<\/a>\n\t\t\t<\/div>\n\t\t\t<i class=\"material-icons qt-ho\" data-activatecard>keyboard_arrow_down<\/i>\n\t\t<\/header>\n\t\t<span class=\"qt-animation\" data-color=\"#a70a0a\" ><\/span>\n\t\t<div class=\"qt-content\">\n\t\t\t<div class=\"qt-summary\">\n\t\t\t\t\t\t\t\t\t\t\t\t<p>&#8220;Siempre se hablo de plagio en la industria de la musica. Siempre, desde Los Beatles y sus similitudes con Chuck Berry hasta el clasico de Metallica con Excel.es algo que puede aparecer en cualquier momento. La l\u00ednea entre el plagio y la influencia es muy fina y se distorsiona de [&hellip;]<\/p>\n\t\t\t<\/div>\n\t\t<\/div>\n\t<\/div>\n<\/article>\t\t\t\t\t\t\t<\/div>\n\t\t\t\t\t\t\t\t\t\t\t\t\t<\/div>\n\t\t\t\t\t\t\t\t\t\t\t<\/div>\n\t\t\t\t<\/div>\n\t\t\t<\/div>\n\t\t<\/div>\n\t\t<!--  POSTS CAROUSEL END ================================================== -->\n\t\t[vc_column_text]<\/p>\n<h3>N U E V O S\u00a0 \u00a0V I D E O S<\/h3>\n<p>[\/vc_column_text][vc_video link=&#8221;https:\/\/youtu.be\/bOmD94AZjYE?si=C7AZ4cLMiiQ9kIQJ&#8221; title=&#8221;ESTRENO&#8221;][vc_video link=&#8221;https:\/\/www.youtube.com\/watch?v=e7uopqQNiCs&#8221;][vc_video link=&#8221;https:\/\/www.youtube.com\/watch?v=nS88hJbEclE&amp;list=RDnS88hJbEclE&amp;start_radio=1&#8243;]\t\t\t<hr class=\"qt-spacer-s\">\n\t\t\t\t<h2 id=\"qttabsedba-n-u-e-v-a-s-m-u-s-i-c-a-s\" class=\"qt-center qt-qttabsedba-n-u-e-v-a-s-m-u-s-i-c-a-s qt-textfx-wrap qt-fontsize-h1\">\n\t\t\t\t\t\t\t\t<span class=\"qt-txtfx qt-txtfx--tokyo\" data-letters=\"N U E V A S M U S I C A S\">N U E V A S M U S I C A S<\/span>\n\t\t\t\t\t\t\t<\/h2>\n\t\t\t\t<div data-kentha-customstyles=\"\/* Shortcode dynamically generated CSS *\/\n\t\t\t\t\t.qt-qttabsedba-n-u-e-v-a-s-m-u-s-i-c-a-s .qt-txtfx--tokyo, .qt-qttabsedba-n-u-e-v-a-s-m-u-s-i-c-a-s .qt-txtfx--tokyo.qt-txtfxstart { color: #dedede}\n\t\t\t\t\t.qt-qttabsedba-n-u-e-v-a-s-m-u-s-i-c-a-s .qt-txtfx--tokyo::before { color: #999}\n\t\t\t\t\t.qt-qttabsedba-n-u-e-v-a-s-m-u-s-i-c-a-s .qt-txtfx--tokyo::after { background: #f00}\"><\/div>\n\t\t[\/vc_column][\/vc_row][vc_row css=&#8221;.vc_custom_1517311991665{padding-top: 6% !important;padding-bottom: 9% !important;}&#8221; el_id=&#8221;tourdates&#8221;][vc_column parallax=&#8221;content-moving-fade&#8221; parallax_image=&#8221;1252&#8243; width=&#8221;1\/2&#8243;][vc_video link=&#8221;https:\/\/www.youtube.com\/watch?v=rhduwFaHJ70&#8243; title=&#8221;MOTOCERDOS &#8211; AMIGOS, CERVEZA Y DISTORSION (2025 FULL ALBUM)&#8221;][\/vc_column][vc_column parallax=&#8221;content-moving-fade&#8221; parallax_image=&#8221;1262&#8243; width=&#8221;1\/2&#8243;][vc_video link=&#8221;https:\/\/www.youtube.com\/watch?v=BH8HwHDYdx8&#8243; title=&#8221;R U I D O &#8211; Seis monedas para Caronte (Full Album)&#8221;][\/vc_column][\/vc_row][vc_row css=&#8221;.vc_custom_1517312031220{padding-top: 6% !important;padding-bottom: 8% !important;background-image: url(https:\/\/qantumthemes.xyz\/kentha\/demo5\/wp-content\/uploads\/2018\/01\/background-fog-red.jpg?id=226) !important;background-position: center !important;background-repeat: no-repeat !important;background-size: cover !important;}&#8221; el_id=&#8221;bio&#8221;][vc_column][vc_row_inner qt_container=&#8221;true&#8221; qt_negative=&#8221;true&#8221;][vc_column_inner width=&#8221;1\/2&#8243;][vc_column_text css=&#8221;.vc_custom_1743296424637{margin-top: 0px !important;padding-top: 0px !important;}&#8221;]<\/p>\n<h2 style=\"text-align: center;\">Bio<\/h2>\n<p>[\/vc_column_text][vc_separator color=&#8221;custom&#8221; border_width=&#8221;8&#8243; el_width=&#8221;10&#8243; accent_color=&#8221;#ffffff&#8221; css=&#8221;.vc_custom_1517311885753{margin-top: -1rem !important;}&#8221;]\t\t\t<hr class=\"qt-spacer-s\">\n\t\t[vc_column_text css=&#8221;.vc_custom_1767627033288{padding-right: 15% !important;padding-left: 15% !important;}&#8221;]Cultura pesada Mendoza se integra hace unos 6 a\u00f1os con la idea de lograr la difusi\u00f3n de la m\u00fasica pesada de nuestra provincia, como un nicho de diversidad e inclusi\u00f3n de los ausentes medios de difusi\u00f3n y sobre todo intermitentes a la hora de comunicar. La radio por el dial fue historia y quer\u00edamos lograr acercarnos con el formato que tanto evitamos en un principio&#8230; ser online para luego ser un podcast y en su proximidad generar programaci\u00f3n audiovisual.[\/vc_column_text]\t\t\t<hr class=\"qt-spacer-s\">\n\t\t\t\t<div class=\"qt-short-image aligncenter\">\n\t\t\t<img decoding=\"async\" src=\"https:\/\/www.culturapesadamza.com\/wp-content\/uploads\/2025\/03\/cropped-logo-cpm-150x150.png\" alt=\"cultura pesada mendoza\"> \t\t<\/div>\n\t\t[\/vc_column_inner][vc_column_inner width=&#8221;1\/2&#8243;][vc_video link=&#8221;https:\/\/youtu.be\/hc8uwEmIAq0&#8243;][vc_video link=&#8221;https:\/\/youtu.be\/JkTEaSbmJzQ&#8221;][\/vc_column_inner][\/vc_row_inner][\/vc_column][\/vc_row][vc_row el_id=&#8221;gallery&#8221;][vc_column][vc_row_inner][vc_column_inner][vc_widget_sidebar title=&#8221;F O T O S&#8221; sidebar_id=&#8221;kentha-footer-sidebar&#8221;][\/vc_column_inner][vc_column_inner][\/vc_column_inner][vc_column_inner][\/vc_column_inner][\/vc_row_inner][\/vc_column][vc_column][\/vc_column][\/vc_row][vc_row][vc_column parallax=&#8221;content-moving-fade&#8221;][\/vc_column][\/vc_row][vc_row][vc_column][\/vc_column][\/vc_row][vc_row][vc_column][vc_raw_html]JTNDaWZyYW1lJTBBJTIwJTIwc3JjJTNEJTIyaHR0cHMlM0ElMkYlMkZjdWx0dXJhcGVzYWRhbWVuZG96YS5yYWRpbzEyMzQ1LmNvbSUyRiUyMiUwQSUyMCUyMHNhbmRib3glM0QlMjJhbGxvdy1zYW1lLW9yaWdpbiUyMGFsbG93LXNjcmlwdHMlMjIlMEElMjAlMjB3aWR0aCUzRCUyMjEwMCUyNSUyMiUwQSUyMCUyMGhlaWdodCUzRCUyMjYwMCUyMiUwQSUyMCUyMGZyYW1lYm9yZGVyJTNEJTIyMCUyMiUyMHN0eWxlJTNEJTIyZGlzcGxheSUzQW5vbmUlMjIlMEElM0UlM0MlMkZpZnJhbWUlM0U=[\/vc_raw_html][\/vc_column][\/vc_row][vc_row][vc_column][\/vc_column][\/vc_row][vc_row][vc_column][\/vc_column][\/vc_row]<\/p>\n<\/section>","protected":false},"excerpt":{"rendered":"<p>[vc_row css=&#8221;.vc_custom_1752207214942{margin-top: 0px !important;margin-right: 0px !important;margin-bottom: 0px !important;margin-left: 0px !important;padding-top: 5% !important;padding-right: 0px !important;padding-bottom: 0px !important;padding-left: 0px !important;}&#8221; el_id=&#8221;intro&#8221;][vc_column][vc_video link=&#8221;https:\/\/youtu.be\/7CtoGKK1EwU?si=eyAxcLtQ_4smA8l_&#8221; title=&#8221;ESTRENO&#8221;][vc_column_text]E N T R E V I S T A S\u00a0 Y\u00a0 P O D C A S T[\/vc_column_text][vc_column_text] N U E V O S\u00a0 \u00a0V I D E O [&hellip;]<\/p>\n","protected":false},"author":1,"featured_media":0,"parent":0,"menu_order":0,"comment_status":"closed","ping_status":"closed","template":"","meta":{"footnotes":""},"class_list":["post-477","page","type-page","status-publish","hentry"],"yoast_head":"<!-- This site is optimized with the Yoast SEO plugin v25.5 - https:\/\/yoast.com\/wordpress\/plugins\/seo\/ -->\n<title>- Cultura Pesada Mendoza Radio<\/title>\n<meta name=\"robots\" content=\"index, follow, max-snippet:-1, max-image-preview:large, max-video-preview:-1\" \/>\n<link rel=\"canonical\" href=\"http:\/\/www.culturapesadamza.com\/\" \/>\n<meta property=\"og:locale\" content=\"es_ES\" \/>\n<meta property=\"og:type\" content=\"article\" \/>\n<meta property=\"og:title\" content=\"- Cultura Pesada Mendoza Radio\" \/>\n<meta property=\"og:description\" content=\"[vc_row css=&#8221;.vc_custom_1752207214942{margin-top: 0px !important;margin-right: 0px !important;margin-bottom: 0px !important;margin-left: 0px !important;padding-top: 5% !important;padding-right: 0px !important;padding-bottom: 0px !important;padding-left: 0px !important;}&#8221; el_id=&#8221;intro&#8221;][vc_column][vc_video link=&#8221;https:\/\/youtu.be\/7CtoGKK1EwU?si=eyAxcLtQ_4smA8l_&#8221; title=&#8221;ESTRENO&#8221;][vc_column_text]E N T R E V I S T A S\u00a0 Y\u00a0 P O D C A S T[\/vc_column_text][vc_column_text] N U E V O S\u00a0 \u00a0V I D E O [&hellip;]\" \/>\n<meta property=\"og:url\" content=\"http:\/\/www.culturapesadamza.com\/\" \/>\n<meta property=\"og:site_name\" content=\"Cultura Pesada Mendoza Radio\" \/>\n<meta property=\"article:modified_time\" content=\"2026-02-08T21:48:14+00:00\" \/>\n<meta name=\"twitter:card\" content=\"summary_large_image\" \/>\n<meta name=\"twitter:label1\" content=\"Tiempo de lectura\" \/>\n\t<meta name=\"twitter:data1\" content=\"2 minutos\" \/>\n<script type=\"application\/ld+json\" class=\"yoast-schema-graph\">{\"@context\":\"https:\/\/schema.org\",\"@graph\":[{\"@type\":\"WebPage\",\"@id\":\"http:\/\/www.culturapesadamza.com\/\",\"url\":\"http:\/\/www.culturapesadamza.com\/\",\"name\":\"- Cultura Pesada Mendoza Radio\",\"isPartOf\":{\"@id\":\"http:\/\/www.culturapesadamza.com\/#website\"},\"datePublished\":\"2018-01-08T16:41:17+00:00\",\"dateModified\":\"2026-02-08T21:48:14+00:00\",\"inLanguage\":\"es-AR\",\"potentialAction\":[{\"@type\":\"ReadAction\",\"target\":[\"http:\/\/www.culturapesadamza.com\/\"]}]},{\"@type\":\"WebSite\",\"@id\":\"http:\/\/www.culturapesadamza.com\/#website\",\"url\":\"http:\/\/www.culturapesadamza.com\/\",\"name\":\"Cultura Pesada Mendoza Radio\",\"description\":\"La otra cara de la cultura...\",\"potentialAction\":[{\"@type\":\"SearchAction\",\"target\":{\"@type\":\"EntryPoint\",\"urlTemplate\":\"http:\/\/www.culturapesadamza.com\/?s={search_term_string}\"},\"query-input\":{\"@type\":\"PropertyValueSpecification\",\"valueRequired\":true,\"valueName\":\"search_term_string\"}}],\"inLanguage\":\"es-AR\"}]}<\/script>\n<!-- \/ Yoast SEO plugin. -->","yoast_head_json":{"title":"- Cultura Pesada Mendoza Radio","robots":{"index":"index","follow":"follow","max-snippet":"max-snippet:-1","max-image-preview":"max-image-preview:large","max-video-preview":"max-video-preview:-1"},"canonical":"http:\/\/www.culturapesadamza.com\/","og_locale":"es_ES","og_type":"article","og_title":"- Cultura Pesada Mendoza Radio","og_description":"[vc_row css=&#8221;.vc_custom_1752207214942{margin-top: 0px !important;margin-right: 0px !important;margin-bottom: 0px !important;margin-left: 0px !important;padding-top: 5% !important;padding-right: 0px !important;padding-bottom: 0px !important;padding-left: 0px !important;}&#8221; el_id=&#8221;intro&#8221;][vc_column][vc_video link=&#8221;https:\/\/youtu.be\/7CtoGKK1EwU?si=eyAxcLtQ_4smA8l_&#8221; title=&#8221;ESTRENO&#8221;][vc_column_text]E N T R E V I S T A S\u00a0 Y\u00a0 P O D C A S T[\/vc_column_text][vc_column_text] N U E V O S\u00a0 \u00a0V I D E O [&hellip;]","og_url":"http:\/\/www.culturapesadamza.com\/","og_site_name":"Cultura Pesada Mendoza Radio","article_modified_time":"2026-02-08T21:48:14+00:00","twitter_card":"summary_large_image","twitter_misc":{"Tiempo de lectura":"2 minutos"},"schema":{"@context":"https:\/\/schema.org","@graph":[{"@type":"WebPage","@id":"http:\/\/www.culturapesadamza.com\/","url":"http:\/\/www.culturapesadamza.com\/","name":"- Cultura Pesada Mendoza Radio","isPartOf":{"@id":"http:\/\/www.culturapesadamza.com\/#website"},"datePublished":"2018-01-08T16:41:17+00:00","dateModified":"2026-02-08T21:48:14+00:00","inLanguage":"es-AR","potentialAction":[{"@type":"ReadAction","target":["http:\/\/www.culturapesadamza.com\/"]}]},{"@type":"WebSite","@id":"http:\/\/www.culturapesadamza.com\/#website","url":"http:\/\/www.culturapesadamza.com\/","name":"Cultura Pesada Mendoza Radio","description":"La otra cara de la cultura...","potentialAction":[{"@type":"SearchAction","target":{"@type":"EntryPoint","urlTemplate":"http:\/\/www.culturapesadamza.com\/?s={search_term_string}"},"query-input":{"@type":"PropertyValueSpecification","valueRequired":true,"valueName":"search_term_string"}}],"inLanguage":"es-AR"}]}},"_links":{"self":[{"href":"https:\/\/www.culturapesadamza.com\/index.php?rest_route=\/wp\/v2\/pages\/477","targetHints":{"allow":["GET"]}}],"collection":[{"href":"https:\/\/www.culturapesadamza.com\/index.php?rest_route=\/wp\/v2\/pages"}],"about":[{"href":"https:\/\/www.culturapesadamza.com\/index.php?rest_route=\/wp\/v2\/types\/page"}],"author":[{"embeddable":true,"href":"https:\/\/www.culturapesadamza.com\/index.php?rest_route=\/wp\/v2\/users\/1"}],"replies":[{"embeddable":true,"href":"https:\/\/www.culturapesadamza.com\/index.php?rest_route=%2Fwp%2Fv2%2Fcomments&post=477"}],"version-history":[{"count":396,"href":"https:\/\/www.culturapesadamza.com\/index.php?rest_route=\/wp\/v2\/pages\/477\/revisions"}],"predecessor-version":[{"id":1411,"href":"https:\/\/www.culturapesadamza.com\/index.php?rest_route=\/wp\/v2\/pages\/477\/revisions\/1411"}],"wp:attachment":[{"href":"https:\/\/www.culturapesadamza.com\/index.php?rest_route=%2Fwp%2Fv2%2Fmedia&parent=477"}],"curies":[{"name":"wp","href":"https:\/\/api.w.org\/{rel}","templated":true}]}}